{"id":59648,"date":"2022-01-26T10:52:37","date_gmt":"2022-01-26T09:52:37","guid":{"rendered":"https:\/\/www.archos.com\/the-archos-mirror\/"},"modified":"2022-11-22T17:13:28","modified_gmt":"2022-11-22T16:13:28","slug":"the-archos-mirror","status":"publish","type":"page","link":"https:\/\/www.archos.com\/en\/the-archos-mirror\/","title":{"rendered":"The ARCHOS Mirror"},"content":{"rendered":"<!--themify_builder_content-->\n<div id=\"themify_builder_content-59648\" data-postid=\"59648\" class=\"themify_builder_content themify_builder_content-59648 themify_builder tf_clear\">\n                    <div  data-css_id=\"umo9831\" data-lazy=\"1\" class=\"module_row themify_builder_row fullwidth tb_umo9831 tb_first tf_w\">\n                        <div class=\"row_inner gutter-none col_align_middle tb_col_count_2 tf_box tf_rel\">\n                        <div  data-lazy=\"1\" class=\"module_column tb-column col4-2 tb_2fib832 first\">\n                    <!-- module text -->\n<div  class=\"module module-text tb_6i6c833   \" data-lazy=\"1\">\n        <div  class=\"tb_text_wrap\">\n        <h3>The mirror of archos:<\/h3>\n<h2>Communicate in large format<\/h2>    <\/div>\n<\/div>\n<!-- \/module text -->        <div  data-lazy=\"1\" class=\"module_subrow themify_builder_sub_row tf_w col_align_top tb_col_count_3 tb_gphf835\">\n                <div  data-lazy=\"1\" class=\"module_column sub_column col3-1 tb_zjr3837 first\">\n                            <\/div>\n                    <div  data-lazy=\"1\" class=\"module_column sub_column col3-1 tb_qodx837\">\n                            <\/div>\n                    <div  data-lazy=\"1\" class=\"module_column sub_column col3-1 tb_z2o9838 last\">\n                    <!-- module buttons -->\n<div  class=\"module module-buttons tb_t8ve245 buttons-horizontal solid \" data-lazy=\"1\">\n        <div class=\"module-buttons-item tf_in_flx\">\n                        <a href=\"https:\/\/www.youtube.com\/watch?v=t1QtflaCqlQ\" class=\"ui builder_button tf_in_flx tb_default_color\" >\n                                                See the video                                        <\/a>\n                <\/div>\n            <\/div>\n<!-- \/module buttons -->\n        <\/div>\n                    <\/div>\n                <\/div>\n                    <div  data-lazy=\"1\" class=\"module_column tb-column col4-2 tb_6r31838 last\">\n                    <!-- module image -->\n<div  class=\"module module-image tb_mxbs840 image-center   tf_mw\" data-lazy=\"1\">\n        <div class=\"image-wrap tf_rel tf_mw\">\n            <img decoding=\"async\" src=\"https:\/\/www.archos.com\/wp-content\/uploads\/2022\/01\/le-miroir_01-screen-267x600.png\" height=\"600\" class=\"wp-post-image wp-image-52970\" title=\"le-miroir_01-screen\" alt=\"le-miroir_01-screen\" srcset=\"https:\/\/www.archos.com\/wp-content\/uploads\/2022\/01\/le-miroir_01-screen-267x600.png 267w, https:\/\/www.archos.com\/wp-content\/uploads\/2022\/01\/le-miroir_01-screen-134x300.png 134w, https:\/\/www.archos.com\/wp-content\/uploads\/2022\/01\/le-miroir_01-screen.png 356w\" sizes=\"(max-width: 267px) 100vw, 267px\" \/>    \n        <\/div>\n    <!-- \/image-wrap -->\n    \n        <\/div>\n<!-- \/module image -->        <\/div>\n                        <\/div>\n        <\/div>\n                        <div  data-lazy=\"1\" class=\"module_row themify_builder_row tb_29nh873 tf_w\">\n                        <div class=\"row_inner col_auto_height gutter-none col_align_bottom tb_col_count_2 tf_box tf_rel\">\n                        <div  data-lazy=\"1\" class=\"module_column tb-column col4-2 tb_bqs3874 first\">\n                    <!-- module text -->\n<div  class=\"module module-text tb_oxan874  repeat \" data-lazy=\"1\" data-parallax-element-speed=\"1\" data-lax-translate-y=\"vh 1,0 -70\" data-lax=\"true\">\n        <div  class=\"tb_text_wrap\">\n        <h2>Off,<\/h2>\n<p>It is a mirror with a sober and elegant design that is suitable for all types of interiors and all rooms of the house.<\/p>    <\/div>\n<\/div>\n<!-- \/module text -->        <\/div>\n                    <div  data-lazy=\"1\" class=\"module_column tb-column col4-2 tb_5heh876 last\">\n                    <!-- module text -->\n<div  class=\"module module-text tb_70n6235  repeat \" data-lazy=\"1\" data-parallax-element-speed=\"1\" data-lax-translate-y=\"vh 1,0 -70\" data-lax=\"true\">\n        <div  class=\"tb_text_wrap\">\n        <h2>On,<\/h2>\n<p>it makes sense and reveals a high definition screen with excellent color density and an extra wide viewing angle.<\/p>    <\/div>\n<\/div>\n<!-- \/module text -->        <\/div>\n                        <\/div>\n        <\/div>\n                        <div  data-parallax-bg=\"desktop\" data-lazy=\"1\" class=\"module_row themify_builder_row tb_xt2n692 tf_w\">\n            <span  class=\"builder_row_cover tf_abs\" data-lazy=\"1\"><\/span>            <div class=\"row_inner col_align_top tb_col_count_3 tf_box tf_rel\">\n                        <div  data-lazy=\"1\" class=\"module_column tb-column col4-1 tb_l5tx693 first\">\n                            <\/div>\n                    <div  data-lazy=\"1\" class=\"module_column tb-column col4-2 tb_1v4z694\">\n                    <!-- module text -->\n<div  class=\"module module-text tb_ugzo697  repeat \" data-lazy=\"1\" data-parallax-element-speed=\"1\" data-lax-translate-y=\"vh 1,0 -70\" data-lax=\"true\">\n        <div  class=\"tb_text_wrap\">\n        <h3>A large screen in a stylish mirror design<\/h3>\n<p>The ARCHOS Mirror is integrated into a steel frame with a slim, sleek design. Mounted on the wall or on its stand, it provides a bright and colorful image to enjoy all your favorite content in any room of the house. Simply touch the screen to access your favorite applications.<\/p>    <\/div>\n<\/div>\n<!-- \/module text -->        <\/div>\n                    <div  data-lazy=\"1\" class=\"module_column tb-column col4-1 tb_07y5695 last\">\n                            <\/div>\n                        <\/div>\n        <\/div>\n                        <div  data-css_id=\"p7j6560\" data-lazy=\"1\" class=\"module_row themify_builder_row fullwidth tb_p7j6560 tf_w\">\n                        <div class=\"row_inner col_align_top tb_col_count_1 tf_box tf_rel\">\n                        <div  data-lazy=\"1\" class=\"module_column tb-column col-full tb_f2rg563 first\">\n                            <div  data-lazy=\"1\" class=\"module_subrow themify_builder_sub_row tf_w col_align_middle tb_col_count_3 tb_a2b6564\">\n                <div  data-lazy=\"1\" class=\"module_column sub_column col3-1 tb_6af8564 first\">\n                    <!-- module feature -->\n<div  class=\"module module-feature tb_66i0564 with-chart layout-icon-right size-small \" data-layout-mobile=\"icon-left\" data-layout-desktop=\"icon-right\" data-lazy=\"1\">\n        <div class=\"module-feature-image tf_textc tf_rel\">\n                            <span class=\"module-feature-chart-html5 tf_box tf_rel tf_inline_b\">\n                                    <svg class=\"tf_abs tf_w tf_h\">\n                    <circle class=\"tb_feature_fill\" r=\"calc(50% - 1.00px)\" cx=\"50%\" cy=\"50%\" stroke-width=\"2\"\/>\n                    <circle class=\"tb_feature_stroke\" r=\"calc(50% - 1.00px)\" cx=\"50%\" cy=\"50%\" stroke=\"#70e0d9\" stroke-width=\"2\" data-progress=\"100\" stroke-dasharray=\"0,10000\"\/>\n                                        <\/svg>\n                                <span class=\"chart-html5-circle tf_w tf_h\">\n                                            <em class=\"module-feature-icon tf_rel\"><svg  class=\"tf_fa tf-ti-user\" xmlns:xlink=\"http:\/\/www.w3.org\/1999\/xlink\" aria-hidden=\"true\"><use href=\"#tf-ti-user\" xlink:href=\"#tf-ti-user\"><\/use><\/svg><\/em>\n                                    <\/span>\n\n                \n            <\/span>\n                <\/div>\n    <div class=\"module-feature-content tf_textc\">\n                    <h3 class=\"module-feature-title\">\n                            Personal trainer at home                        <\/h3>\n                    <div class=\"tb_text_wrap\">\n            <p>With The ARCHOS Mirror, enjoy a live or replay sports session with a life-size coach. Just like in a real gym, you visualize your own movements to make sure they are well executed and benefit from a personalized follow-up by the coach to correct your movements.<\/p>        <\/div>\n    <\/div>\n<\/div>\n<!-- \/module feature -->\n<!-- module feature -->\n<div  class=\"module module-feature tb_kn9r565 with-chart layout-icon-right size-small \" data-layout-mobile=\"icon-left\" data-layout-desktop=\"icon-right\" data-lazy=\"1\">\n        <div class=\"module-feature-image tf_textc tf_rel\">\n                            <span class=\"module-feature-chart-html5 tf_box tf_rel tf_inline_b\">\n                                    <svg class=\"tf_abs tf_w tf_h\">\n                    <circle class=\"tb_feature_fill\" r=\"calc(50% - 1.00px)\" cx=\"50%\" cy=\"50%\" stroke-width=\"2\"\/>\n                    <circle class=\"tb_feature_stroke\" r=\"calc(50% - 1.00px)\" cx=\"50%\" cy=\"50%\" stroke=\"#70e0d9\" stroke-width=\"2\" data-progress=\"100\" stroke-dasharray=\"0,10000\"\/>\n                                        <\/svg>\n                                <span class=\"chart-html5-circle tf_w tf_h\">\n                                            <em class=\"module-feature-icon tf_rel\"><svg  class=\"tf_fa tf-ti-video-camera\" xmlns:xlink=\"http:\/\/www.w3.org\/1999\/xlink\" aria-hidden=\"true\"><use href=\"#tf-ti-video-camera\" xlink:href=\"#tf-ti-video-camera\"><\/use><\/svg><\/em>\n                                    <\/span>\n\n                \n            <\/span>\n                <\/div>\n    <div class=\"module-feature-content tf_textc\">\n                    <h3 class=\"module-feature-title\">\n                            Visio as if you were there                        <\/h3>\n                    <div class=\"tb_text_wrap\">\n            <p>The ARCHOS Mirror will allow you to enjoy real business and personal video calling sessions. Stay in touch, in real size, with your loved ones from home, via video. Communicate easily with multiple compatible video applications.<\/p>        <\/div>\n    <\/div>\n<\/div>\n<!-- \/module feature -->\n        <\/div>\n                    <div  data-lazy=\"1\" class=\"module_column sub_column col3-1 tb_uk54566\">\n                    <!-- module image -->\n<div  class=\"module module-image tb_brwb566 image-center   tf_mw\" data-lazy=\"1\">\n        <div class=\"image-wrap tf_rel tf_mw\">\n            <img decoding=\"async\" src=\"https:\/\/www.archos.com\/wp-content\/uploads\/2022\/01\/TrainMe-logo-118x118.png\" width=\"118\" height=\"118\" class=\"wp-post-image wp-image-52976\" title=\"TrainMe-logo\" alt=\"TrainMe-logo\" srcset=\"https:\/\/www.archos.com\/wp-content\/uploads\/2022\/01\/TrainMe-logo-118x118.png 118w, https:\/\/www.archos.com\/wp-content\/uploads\/2022\/01\/TrainMe-logo-150x150.png 150w, https:\/\/www.archos.com\/wp-content\/uploads\/2022\/01\/TrainMe-logo.png 200w\" sizes=\"(max-width: 118px) 100vw, 118px\" \/>    \n        <\/div>\n    <!-- \/image-wrap -->\n    \n        <\/div>\n<!-- \/module image --><!-- module image -->\n<div  class=\"module module-image tb_ko81713 image-center   tf_mw\" data-lazy=\"1\">\n        <div class=\"image-wrap tf_rel tf_mw\">\n            <img fetchpriority=\"high\" decoding=\"async\" src=\"https:\/\/www.archos.com\/wp-content\/uploads\/2022\/01\/le-miroir_03-setup-423x869.png\" width=\"423\" height=\"869\" class=\"wp-post-image wp-image-52979\" title=\"le-miroir_03-setup\" alt=\"le-miroir_03-setup\">    \n        <\/div>\n    <!-- \/image-wrap -->\n    \n        <\/div>\n<!-- \/module image -->        <\/div>\n                    <div  data-lazy=\"1\" class=\"module_column sub_column col3-1 tb_kad5567 last\">\n                    <!-- module feature -->\n<div  class=\"module module-feature tb_r7p8569 with-chart layout-icon-left size-small \" data-layout-mobile=\"icon-left\" data-layout-desktop=\"icon-left\" data-lazy=\"1\">\n        <div class=\"module-feature-image tf_textc tf_rel\">\n                            <span class=\"module-feature-chart-html5 tf_box tf_rel tf_inline_b\">\n                                    <svg class=\"tf_abs tf_w tf_h\">\n                    <circle class=\"tb_feature_fill\" r=\"calc(50% - 1.00px)\" cx=\"50%\" cy=\"50%\" stroke-width=\"2\"\/>\n                    <circle class=\"tb_feature_stroke\" r=\"calc(50% - 1.00px)\" cx=\"50%\" cy=\"50%\" stroke=\"#70e0d9\" stroke-width=\"2\" data-progress=\"100\" stroke-dasharray=\"0,10000\"\/>\n                                        <\/svg>\n                                <span class=\"chart-html5-circle tf_w tf_h\">\n                                            <em class=\"module-feature-icon tf_rel\"><svg  class=\"tf_fa tf-ti-tag\" xmlns:xlink=\"http:\/\/www.w3.org\/1999\/xlink\" aria-hidden=\"true\"><use href=\"#tf-ti-tag\" xlink:href=\"#tf-ti-tag\"><\/use><\/svg><\/em>\n                                    <\/span>\n\n                \n            <\/span>\n                <\/div>\n    <div class=\"module-feature-content tf_textc\">\n                    <h3 class=\"module-feature-title\">\n                            TrainMe x ARCHOS Mirror offer                        <\/h3>\n                    <div class=\"tb_text_wrap\">\n            <p>Enjoy a unique life-size experience thanks to the fusion of the ARCHOS Mirror and the TrainMe sports application.<br>Pre-installed on the Mirror, take advantage of over 1,400 certified coaches (coach, yoga teacher, pilates teacher, etc.) to help you reach your sports goals remotely via the ARCHOS Mirror.<br>Receive a \u20ac50 discount when you create your TrainMe account with the code provided with the Mirror*.<\/p>\n<p><em>* Offer valid for 1 year from the date of registration.<\/em><\/p>        <\/div>\n    <\/div>\n<\/div>\n<!-- \/module feature -->\n<!-- module feature -->\n<div  class=\"module module-feature tb_suu0571 with-chart layout-icon-left size-small \" data-layout-mobile=\"icon-left\" data-layout-desktop=\"icon-left\" data-lazy=\"1\">\n        <div class=\"module-feature-image tf_textc tf_rel\">\n                            <span class=\"module-feature-chart-html5 tf_box tf_rel tf_inline_b\">\n                                    <svg class=\"tf_abs tf_w tf_h\">\n                    <circle class=\"tb_feature_fill\" r=\"calc(50% - 1.00px)\" cx=\"50%\" cy=\"50%\" stroke-width=\"2\"\/>\n                    <circle class=\"tb_feature_stroke\" r=\"calc(50% - 1.00px)\" cx=\"50%\" cy=\"50%\" stroke=\"#70e0d9\" stroke-width=\"2\" data-progress=\"100\" stroke-dasharray=\"0,10000\"\/>\n                                        <\/svg>\n                                <span class=\"chart-html5-circle tf_w tf_h\">\n                                            <em class=\"module-feature-icon tf_rel\"><svg  class=\"tf_fa tf-ti-angle-double-up\" xmlns:xlink=\"http:\/\/www.w3.org\/1999\/xlink\" aria-hidden=\"true\"><use href=\"#tf-ti-angle-double-up\" xlink:href=\"#tf-ti-angle-double-up\"><\/use><\/svg><\/em>\n                                    <\/span>\n\n                \n            <\/span>\n                <\/div>\n    <div class=\"module-feature-content tf_textc\">\n                    <h3 class=\"module-feature-title\">\n                            Fast and powerful                        <\/h3>\n                    <div class=\"tb_text_wrap\">\n            <p>The ARCHOS Mirror combines a Quad core processor, 2GB of RAM with Ethernet or Wifi connectivity to provide the speed and power you need for your applications, games and web browsing.<\/p>        <\/div>\n    <\/div>\n<\/div>\n<!-- \/module feature -->\n        <\/div>\n                    <\/div>\n                <\/div>\n                        <\/div>\n        <\/div>\n                        <div  data-lazy=\"1\" class=\"module_row themify_builder_row tb_ifv7696 tf_w\">\n                        <div class=\"row_inner col_align_top tb_col_count_1 tf_box tf_rel\">\n                        <div  data-lazy=\"1\" class=\"module_column tb-column col-full tb_xsfi697 first\">\n                            <\/div>\n                        <\/div>\n        <\/div>\n        <\/div>\n<!--\/themify_builder_content-->","protected":false},"excerpt":{"rendered":"<p>Le miroir d&#8217;archos : Communiquez en grand format Voir la video \u00c9teint, c&#8217;est un miroir au design sobre et \u00e9l\u00e9gant qui convient \u00e0 tous les types d&#8217;int\u00e9rieurs et toutes les pi\u00e8ces de la maison. Allum\u00e9, il prend tout son sens et r\u00e9v\u00e8le un \u00e9cran haute d\u00e9finition avec une excellente densit\u00e9 de couleurs et un angle [&hellip;]<\/p>\n","protected":false},"author":17,"featured_media":0,"parent":0,"menu_order":0,"comment_status":"closed","ping_status":"closed","template":"","meta":{"footnotes":""},"class_list":["post-59648","page","type-page","status-publish","hentry","has-post-title","has-post-date","has-post-category","has-post-tag","has-post-comment","has-post-author",""],"builder_content":"<h3>The mirror of archos:<\/h3> <h2>Communicate in large format<\/h2>\n<a href=\"https:\/\/www.youtube.com\/watch?v=t1QtflaCqlQ\" > See the video <\/a>\n<img src=\"https:\/\/www.archos.com\/wp-content\/uploads\/2022\/01\/le-miroir_01-screen-267x600.png\" height=\"600\" title=\"le-miroir_01-screen\" alt=\"le-miroir_01-screen\" srcset=\"https:\/\/www.archos.com\/wp-content\/uploads\/2022\/01\/le-miroir_01-screen-267x600.png 267w, https:\/\/www.archos.com\/wp-content\/uploads\/2022\/01\/le-miroir_01-screen-134x300.png 134w, https:\/\/www.archos.com\/wp-content\/uploads\/2022\/01\/le-miroir_01-screen.png 356w\" sizes=\"(max-width: 267px) 100vw, 267px\" \/>\n<h2>Off,<\/h2> <p>It is a mirror with a sober and elegant design that is suitable for all types of interiors and all rooms of the house.<\/p>\n<h2>On,<\/h2> <p>it makes sense and reveals a high definition screen with excellent color density and an extra wide viewing angle.<\/p>\n<h3>A large screen in a stylish mirror design<\/h3> <p>The ARCHOS Mirror is integrated into a steel frame with a slim, sleek design. Mounted on the wall or on its stand, it provides a bright and colorful image to enjoy all your favorite content in any room of the house. Simply touch the screen to access your favorite applications.<\/p>\n<svg> <circle r=\"calc(50% - 1.00px)\" cx=\"50%\" cy=\"50%\" stroke-width=\"2\"\/> <circle r=\"calc(50% - 1.00px)\" cx=\"50%\" cy=\"50%\" stroke=\"#70e0d9\" stroke-width=\"2\" data-progress=\"100\" stroke-dasharray=\"0,10000\"\/> <\/svg> <em><svg xmlns:xlink=\"http:\/\/www.w3.org\/1999\/xlink\" aria-hidden=\"true\"><use href=\"#tf-ti-user\" xlink:href=\"#tf-ti-user\"><\/use><\/svg><\/em> \n <h3> Personal trainer at home <\/h3> <p>With The ARCHOS Mirror, enjoy a live or replay sports session with a life-size coach. Just like in a real gym, you visualize your own movements to make sure they are well executed and benefit from a personalized follow-up by the coach to correct your movements.<\/p>\n<svg> <circle r=\"calc(50% - 1.00px)\" cx=\"50%\" cy=\"50%\" stroke-width=\"2\"\/> <circle r=\"calc(50% - 1.00px)\" cx=\"50%\" cy=\"50%\" stroke=\"#70e0d9\" stroke-width=\"2\" data-progress=\"100\" stroke-dasharray=\"0,10000\"\/> <\/svg> <em><svg xmlns:xlink=\"http:\/\/www.w3.org\/1999\/xlink\" aria-hidden=\"true\"><use href=\"#tf-ti-video-camera\" xlink:href=\"#tf-ti-video-camera\"><\/use><\/svg><\/em> \n <h3> Visio as if you were there <\/h3> <p>The ARCHOS Mirror will allow you to enjoy real business and personal video calling sessions. Stay in touch, in real size, with your loved ones from home, via video. Communicate easily with multiple compatible video applications.<\/p>\n<img src=\"https:\/\/www.archos.com\/wp-content\/uploads\/2022\/01\/TrainMe-logo-118x118.png\" width=\"118\" height=\"118\" title=\"TrainMe-logo\" alt=\"TrainMe-logo\" srcset=\"https:\/\/www.archos.com\/wp-content\/uploads\/2022\/01\/TrainMe-logo-118x118.png 118w, https:\/\/www.archos.com\/wp-content\/uploads\/2022\/01\/TrainMe-logo-150x150.png 150w, https:\/\/www.archos.com\/wp-content\/uploads\/2022\/01\/TrainMe-logo.png 200w\" sizes=\"(max-width: 118px) 100vw, 118px\" \/>\n<img src=\"https:\/\/www.archos.com\/wp-content\/uploads\/2022\/01\/le-miroir_03-setup-423x869.png\" width=\"423\" height=\"869\" title=\"le-miroir_03-setup\" alt=\"le-miroir_03-setup\">\n<svg> <circle r=\"calc(50% - 1.00px)\" cx=\"50%\" cy=\"50%\" stroke-width=\"2\"\/> <circle r=\"calc(50% - 1.00px)\" cx=\"50%\" cy=\"50%\" stroke=\"#70e0d9\" stroke-width=\"2\" data-progress=\"100\" stroke-dasharray=\"0,10000\"\/> <\/svg> <em><svg xmlns:xlink=\"http:\/\/www.w3.org\/1999\/xlink\" aria-hidden=\"true\"><use href=\"#tf-ti-tag\" xlink:href=\"#tf-ti-tag\"><\/use><\/svg><\/em> \n <h3> TrainMe x ARCHOS Mirror offer <\/h3> <p>Enjoy a unique life-size experience thanks to the fusion of the ARCHOS Mirror and the TrainMe sports application.<br>Pre-installed on the Mirror, take advantage of over 1,400 certified coaches (coach, yoga teacher, pilates teacher, etc.) to help you reach your sports goals remotely via the ARCHOS Mirror.<br>Receive a \u20ac50 discount when you create your TrainMe account with the code provided with the Mirror*.<\/p> <p><em>* Offer valid for 1 year from the date of registration.<\/em><\/p>\n<svg> <circle r=\"calc(50% - 1.00px)\" cx=\"50%\" cy=\"50%\" stroke-width=\"2\"\/> <circle r=\"calc(50% - 1.00px)\" cx=\"50%\" cy=\"50%\" stroke=\"#70e0d9\" stroke-width=\"2\" data-progress=\"100\" stroke-dasharray=\"0,10000\"\/> <\/svg> <em><svg xmlns:xlink=\"http:\/\/www.w3.org\/1999\/xlink\" aria-hidden=\"true\"><use href=\"#tf-ti-angle-double-up\" xlink:href=\"#tf-ti-angle-double-up\"><\/use><\/svg><\/em> \n <h3> Fast and powerful <\/h3> <p>The ARCHOS Mirror combines a Quad core processor, 2GB of RAM with Ethernet or Wifi connectivity to provide the speed and power you need for your applications, games and web browsing.<\/p>","_links":{"self":[{"href":"https:\/\/www.archos.com\/en\/wp-json\/wp\/v2\/pages\/59648","targetHints":{"allow":["GET"]}}],"collection":[{"href":"https:\/\/www.archos.com\/en\/wp-json\/wp\/v2\/pages"}],"about":[{"href":"https:\/\/www.archos.com\/en\/wp-json\/wp\/v2\/types\/page"}],"author":[{"embeddable":true,"href":"https:\/\/www.archos.com\/en\/wp-json\/wp\/v2\/users\/17"}],"replies":[{"embeddable":true,"href":"https:\/\/www.archos.com\/en\/wp-json\/wp\/v2\/comments?post=59648"}],"version-history":[{"count":0,"href":"https:\/\/www.archos.com\/en\/wp-json\/wp\/v2\/pages\/59648\/revisions"}],"wp:attachment":[{"href":"https:\/\/www.archos.com\/en\/wp-json\/wp\/v2\/media?parent=59648"}],"curies":[{"name":"wp","href":"https:\/\/api.w.org\/{rel}","templated":true}]}}