{"id":59981,"date":"2016-08-03T12:52:55","date_gmt":"2016-08-03T10:52:55","guid":{"rendered":"https:\/\/www.archos.com\/contact\/"},"modified":"2022-11-22T17:08:45","modified_gmt":"2022-11-22T16:08:45","slug":"contact","status":"publish","type":"page","link":"https:\/\/www.archos.com\/en\/contact\/","title":{"rendered":"Contact"},"content":{"rendered":"<p><\/p>\n<!--themify_builder_content-->\n<div id=\"themify_builder_content-59981\" data-postid=\"59981\" class=\"themify_builder_content themify_builder_content-59981 themify_builder tf_clear\">\n                    <div  data-lazy=\"1\" class=\"module_row themify_builder_row tb_20o7665 tb_first tf_w\">\n            <span  class=\"builder_row_cover tf_abs\" data-lazy=\"1\"><\/span>            <div class=\"row_inner col_align_top tb_col_count_1 tf_box tf_rel\">\n                        <div  data-lazy=\"1\" class=\"module_column tb-column col-full tb_4dhx676 first\">\n                    <!-- module text -->\n<div  class=\"module module-text tb_bftm680   \" data-lazy=\"1\">\n        <div  class=\"tb_text_wrap\">\n        <h1>Contact us<\/h1>    <\/div>\n<\/div>\n<!-- \/module text -->        <\/div>\n                        <\/div>\n        <\/div>\n                        <div  data-lazy=\"1\" class=\"module_row themify_builder_row tb_ds4w666 tf_w\">\n                        <div class=\"row_inner col_align_top tb_col_count_4 tf_box tf_rel\">\n                        <div  data-lazy=\"1\" class=\"module_column tb-column col4-1 tb_cehw684 first\">\n                            <\/div>\n                    <div  data-lazy=\"1\" class=\"module_column tb-column col4-1 tb_1zu0685\">\n                    <!-- module icon -->\n<div  class=\"module module-icon tb_maiy684  xlarge none icon_horizontal \" data-lazy=\"1\">\n\t\t\t<div class=\"module-icon-item\">\n\t\t\t\t\t\t\t\t\t\t\t\t\t\t\t\t<em class=\"tf_box\"\n\t\t\t\t\t\t\t\t\t\t\t\t\t\t\t\t\t><svg  class=\"tf_fa tf-ti-location-pin\" xmlns:xlink=\"http:\/\/www.w3.org\/1999\/xlink\" aria-hidden=\"true\"><use href=\"#tf-ti-location-pin\" xlink:href=\"#tf-ti-location-pin\"><\/use><\/svg><\/em>\n\t\t\t\t\t\t\t\t\t\t\t\t\t\t<\/div>\n\t<\/div>\n<!-- \/module icon -->\n<!-- module text -->\n<div  class=\"module module-text tb_0c6h685   \" data-lazy=\"1\">\n        <div  class=\"tb_text_wrap\">\n        <p><span style=\"color: #000000;\"><b>Archos S.A.<\/b><\/span><br>12, rue Amp\u00e8re \/ 91430 Igny<br>FRANCE<\/p>    <\/div>\n<\/div>\n<!-- \/module text -->        <\/div>\n                    <div  data-lazy=\"1\" class=\"module_column tb-column col4-1 tb_dwxk21\">\n                    <!-- module icon -->\n<div  class=\"module module-icon tb_pwlf686  xlarge none icon_horizontal \" data-lazy=\"1\">\n\t\t\t<div class=\"module-icon-item\">\n\t\t\t\t\t\t\t\t\t\t\t\t\t\t\t\t<em class=\"tf_box\"\n\t\t\t\t\t\t\t\t\t\t\t\t\t\t\t\t\t><svg  class=\"tf_fa tf-ti-email\" xmlns:xlink=\"http:\/\/www.w3.org\/1999\/xlink\" aria-hidden=\"true\"><use href=\"#tf-ti-email\" xlink:href=\"#tf-ti-email\"><\/use><\/svg><\/em>\n\t\t\t\t\t\t\t\t\t\t\t\t\t\t<\/div>\n\t<\/div>\n<!-- \/module icon -->\n<!-- module text -->\n<div  class=\"module module-text tb_5zc9687   \" data-lazy=\"1\">\n        <div  class=\"tb_text_wrap\">\n        <p><a href=\"mailto:info@archos.com\">info@archos.com<\/a><\/p>    <\/div>\n<\/div>\n<!-- \/module text -->        <\/div>\n                    <div  data-lazy=\"1\" class=\"module_column tb-column col4-1 tb_sxa721 last\">\n                            <\/div>\n                        <\/div>\n        <\/div>\n                        <div  data-lazy=\"1\" class=\"module_row themify_builder_row tb_c29x667 tf_w\">\n                        <div class=\"row_inner col_align_top tb_col_count_1 tf_box tf_rel\">\n                        <div  data-lazy=\"1\" class=\"module_column tb-column col-full tb_5j9j687 first\">\n                    <!-- module text -->\n<div  class=\"module module-text tb_45mm688   \" data-lazy=\"1\">\n        <div  class=\"tb_text_wrap\">\n        <h3>If you wish to contact ARCHOS after-sales service, click on the following link: <a href=\"https:\/\/archos.com\/se-connecter\/\">ARCHOS account<\/a><\/h3>    <\/div>\n<\/div>\n<!-- \/module text --><!-- module text -->\n<div  class=\"module module-text tb_d2cq318   \" data-lazy=\"1\">\n        <div  class=\"tb_text_wrap\">\n        <h3>Or send an email to<\/h3>\n<p><strong><a href=\"mailto:Info@archos.com\">info@archos.com<\/a><\/strong><\/p>\n<p><em>Our response time is 2 business days.<\/em><\/p>    <\/div>\n<\/div>\n<!-- \/module text -->        <\/div>\n                        <\/div>\n        <\/div>\n        <\/div>\n<!--\/themify_builder_content-->","protected":false},"excerpt":{"rendered":"<p>Nous contacter Archos S.A.12, rue Amp\u00e8re \/ 91430 IgnyFRANCE info@archos.com Si vous souhaitez contacter le SAV d\u2019ARCHOS, cliquez sur le lien suivant : Compte ARCHOS Ou envoyer un email \u00e0 info@archos.com Notre temps de r\u00e9ponse est de 2 jours ouvr\u00e9s.<\/p>\n","protected":false},"author":29,"featured_media":0,"parent":0,"menu_order":0,"comment_status":"closed","ping_status":"closed","template":"","meta":{"footnotes":""},"class_list":["post-59981","page","type-page","status-publish","hentry","has-post-title","has-post-date","has-post-category","has-post-tag","has-post-comment","has-post-author",""],"builder_content":"<h1>Contact us<\/h1>\n<em ><svg xmlns:xlink=\"http:\/\/www.w3.org\/1999\/xlink\" aria-hidden=\"true\"><use href=\"#tf-ti-location-pin\" xlink:href=\"#tf-ti-location-pin\"><\/use><\/svg><\/em>\n<p><b>Archos S.A.<\/b><br>12, rue Amp\u00e8re \/ 91430 Igny<br>FRANCE<\/p>\n<em ><svg xmlns:xlink=\"http:\/\/www.w3.org\/1999\/xlink\" aria-hidden=\"true\"><use href=\"#tf-ti-email\" xlink:href=\"#tf-ti-email\"><\/use><\/svg><\/em>\n<p><a href=\"mailto:info@archos.com\">info@archos.com<\/a><\/p>\n<h3>If you wish to contact ARCHOS after-sales service, click on the following link: <a href=\"https:\/\/archos.com\/se-connecter\/\">ARCHOS account<\/a><\/h3>\n<h3>Or send an email to<\/h3> <p><strong><a href=\"mailto:Info@archos.com\">info@archos.com<\/a><\/strong><\/p> <p><em>Our response time is 2 business days.<\/em><\/p>","_links":{"self":[{"href":"https:\/\/www.archos.com\/en\/wp-json\/wp\/v2\/pages\/59981","targetHints":{"allow":["GET"]}}],"collection":[{"href":"https:\/\/www.archos.com\/en\/wp-json\/wp\/v2\/pages"}],"about":[{"href":"https:\/\/www.archos.com\/en\/wp-json\/wp\/v2\/types\/page"}],"author":[{"embeddable":true,"href":"https:\/\/www.archos.com\/en\/wp-json\/wp\/v2\/users\/29"}],"replies":[{"embeddable":true,"href":"https:\/\/www.archos.com\/en\/wp-json\/wp\/v2\/comments?post=59981"}],"version-history":[{"count":0,"href":"https:\/\/www.archos.com\/en\/wp-json\/wp\/v2\/pages\/59981\/revisions"}],"wp:attachment":[{"href":"https:\/\/www.archos.com\/en\/wp-json\/wp\/v2\/media?parent=59981"}],"curies":[{"name":"wp","href":"https:\/\/api.w.org\/{rel}","templated":true}]}}