{"id":59984,"date":"2022-09-28T11:33:47","date_gmt":"2022-09-28T09:33:47","guid":{"rendered":"https:\/\/www.archos.com\/investor-contacts\/"},"modified":"2022-11-22T17:10:21","modified_gmt":"2022-11-22T16:10:21","slug":"investor-contacts","status":"publish","type":"page","link":"https:\/\/www.archos.com\/en\/investor-contacts\/","title":{"rendered":"Investor Contacts"},"content":{"rendered":"<!--themify_builder_content-->\n<div id=\"themify_builder_content-59984\" data-postid=\"59984\" class=\"themify_builder_content themify_builder_content-59984 themify_builder tf_clear\">\n                    <div  data-css_id=\"swsd356\" data-lazy=\"1\" class=\"module_row themify_builder_row fullheight fullwidth tb_swsd356 tb_first tf_w\">\n                        <div class=\"row_inner gutter-none col_align_top tb_col_count_2 tf_box tf_rel\">\n                        <div  data-lazy=\"1\" class=\"module_column tb-column col4-2 tb_e0tr357 first\">\n        <span  class=\"builder_row_cover tf_abs\" data-lazy=\"1\"><\/span>            <!-- module feature -->\n<div  class=\"module module-feature tb_qv0r357 with-chart layout-icon-top size-small \" data-layout-mobile=\"icon-top\" data-layout-desktop=\"icon-top\" data-lazy=\"1\">\n        <div class=\"module-feature-image tf_textc tf_rel\">\n                            <span class=\"module-feature-chart-html5 tf_box tf_rel tf_inline_b\">\n                                    <svg class=\"tf_abs tf_w tf_h\">\n                    <circle class=\"tb_feature_fill\" r=\"calc(50% - 1.00px)\" cx=\"50%\" cy=\"50%\" stroke-width=\"2\"\/>\n                    <circle class=\"tb_feature_stroke\" r=\"calc(50% - 1.00px)\" cx=\"50%\" cy=\"50%\" stroke=\"#ffffff\" stroke-width=\"2\" data-progress=\"100\" stroke-dasharray=\"0,10000\"\/>\n                                        <\/svg>\n                                <span class=\"chart-html5-circle tf_w tf_h\">\n                                            <em class=\"module-feature-icon tf_rel\" style=\"color:#ffffff\"><svg  class=\"tf_fa tf-ti-email\" xmlns:xlink=\"http:\/\/www.w3.org\/1999\/xlink\" aria-hidden=\"true\"><use href=\"#tf-ti-email\" xlink:href=\"#tf-ti-email\"><\/use><\/svg><\/em>\n                                    <\/span>\n\n                \n            <\/span>\n                <\/div>\n    <div class=\"module-feature-content tf_textc\">\n                    <h3 class=\"module-feature-title\">\n                            INVESTOR CONTACT                        <\/h3>\n                    <div class=\"tb_text_wrap\">\n            <p><a class=\"underlined-link\" href=\"mailto:investors@archos.com\">investors@archos.com<\/a><\/p>        <\/div>\n    <\/div>\n<\/div>\n<!-- \/module feature -->\n        <\/div>\n                    <div  data-lazy=\"1\" class=\"module_column tb-column col4-2 tb_nrhw357 last\">\n        <span  class=\"builder_row_cover tf_abs\" data-lazy=\"1\"><\/span>            <!-- module feature -->\n<div  class=\"module module-feature tb_5apt358 with-chart layout-icon-top size-small \" data-layout-mobile=\"icon-top\" data-layout-desktop=\"icon-top\" data-lazy=\"1\">\n        <div class=\"module-feature-image tf_textc tf_rel\">\n                            <span class=\"module-feature-chart-html5 tf_box tf_rel tf_inline_b\">\n                                    <svg class=\"tf_abs tf_w tf_h\">\n                    <circle class=\"tb_feature_fill\" r=\"calc(50% - 1.00px)\" cx=\"50%\" cy=\"50%\" stroke-width=\"2\"\/>\n                    <circle class=\"tb_feature_stroke\" r=\"calc(50% - 1.00px)\" cx=\"50%\" cy=\"50%\" stroke=\"#ffffff\" stroke-width=\"2\" data-progress=\"100\" stroke-dasharray=\"0,10000\"\/>\n                                        <\/svg>\n                                <span class=\"chart-html5-circle tf_w tf_h\">\n                                            <em class=\"module-feature-icon tf_rel\" style=\"color:#ffffff\"><svg  class=\"tf_fa tf-ti-stats-up\" xmlns:xlink=\"http:\/\/www.w3.org\/1999\/xlink\" aria-hidden=\"true\"><use href=\"#tf-ti-stats-up\" xlink:href=\"#tf-ti-stats-up\"><\/use><\/svg><\/em>\n                                    <\/span>\n\n                \n            <\/span>\n                <\/div>\n    <div class=\"module-feature-content tf_textc\">\n                    <h3 class=\"module-feature-title\">\n                            STOCK MARKET DATA                        <\/h3>\n                    <div class=\"tb_text_wrap\">\n            <p style=\"text-align: center\">ISIN : FR0014007XT1<br>Mnemonic: ALJXR<br>Market: EURONEXT PARIS &#8211; Euronext Growth<br>Type : Equity &#8211; Common Stock &#8211; Continuous<br>Sector : Technology &#8211; Material and Equipment<\/p>        <\/div>\n    <\/div>\n<\/div>\n<!-- \/module feature -->\n        <\/div>\n                        <\/div>\n        <\/div>\n                        <div  data-lazy=\"1\" class=\"module_row themify_builder_row tb_mrfq633 tf_w\">\n                        <div class=\"row_inner col_align_top tb_col_count_1 tf_box tf_rel\">\n                        <div  data-lazy=\"1\" class=\"module_column tb-column col-full tb_guxi634 first\">\n                    <!-- module image -->\n<div  class=\"module module-image tb_8e5s637 image-center   tf_mw\" data-lazy=\"1\">\n        <div class=\"image-wrap tf_rel tf_mw\">\n            <a href=\"https:\/\/www.euronext.com\/fr\/products\/equities\/FR0000182479-XPAR\" rel=\"noopener\" target=\"_blank\">\n                   <img fetchpriority=\"high\" decoding=\"async\" src=\"\/wp-content\/uploads\/2022\/09\/New_Euronext_logo.png\" width=\"404\" height=\"125\" title=\"Investor Contacts\" alt=\"Investor Contacts\">        <\/a>\n    \n        <\/div>\n    <!-- \/image-wrap -->\n    \n        <\/div>\n<!-- \/module image -->        <\/div>\n                        <\/div>\n        <\/div>\n        <\/div>\n<!--\/themify_builder_content-->","protected":false},"excerpt":{"rendered":"<p>CONTACT INVESTISSEURS investors@archos.com DONN\u00c9ES BOURSI\u00c8RES ISIN : FR0014007XT1Mn\u00e9monique : ALJXRMarch\u00e9 : EURONEXT PARIS &#8211; Euronext GrowthType : Actions &#8211; Action ordinaire &#8211; ContinuSecteur : Technologie &#8211; Mat\u00e9riel et Equipement<\/p>\n","protected":false},"author":29,"featured_media":0,"parent":0,"menu_order":0,"comment_status":"closed","ping_status":"closed","template":"","meta":{"footnotes":""},"class_list":["post-59984","page","type-page","status-publish","hentry","has-post-title","has-post-date","has-post-category","has-post-tag","has-post-comment","has-post-author",""],"builder_content":"<svg> <circle r=\"calc(50% - 1.00px)\" cx=\"50%\" cy=\"50%\" stroke-width=\"2\"\/> <circle r=\"calc(50% - 1.00px)\" cx=\"50%\" cy=\"50%\" stroke=\"#ffffff\" stroke-width=\"2\" data-progress=\"100\" stroke-dasharray=\"0,10000\"\/> <\/svg> <em style=\"color:#ffffff\"><svg xmlns:xlink=\"http:\/\/www.w3.org\/1999\/xlink\" aria-hidden=\"true\"><use href=\"#tf-ti-email\" xlink:href=\"#tf-ti-email\"><\/use><\/svg><\/em> \n <h3> INVESTOR CONTACT <\/h3> <p><a href=\"mailto:investors@archos.com\">investors@archos.com<\/a><\/p>\n<svg> <circle r=\"calc(50% - 1.00px)\" cx=\"50%\" cy=\"50%\" stroke-width=\"2\"\/> <circle r=\"calc(50% - 1.00px)\" cx=\"50%\" cy=\"50%\" stroke=\"#ffffff\" stroke-width=\"2\" data-progress=\"100\" stroke-dasharray=\"0,10000\"\/> <\/svg> <em style=\"color:#ffffff\"><svg xmlns:xlink=\"http:\/\/www.w3.org\/1999\/xlink\" aria-hidden=\"true\"><use href=\"#tf-ti-stats-up\" xlink:href=\"#tf-ti-stats-up\"><\/use><\/svg><\/em> \n <h3> STOCK MARKET DATA <\/h3> <p style=\"text-align: center\">ISIN : FR0014007XT1<br>Mnemonic: ALJXR<br>Market: EURONEXT PARIS - Euronext Growth<br>Type : Equity - Common Stock - Continuous<br>Sector : Technology - Material and Equipment<\/p>\n<a href=\"https:\/\/www.euronext.com\/fr\/products\/equities\/FR0000182479-XPAR\" rel=\"noopener\" target=\"_blank\"> <img src=\"\/wp-content\/uploads\/2022\/09\/New_Euronext_logo.png\" width=\"404\" height=\"125\" title=\"Investor Contacts\" alt=\"Investor Contacts\"> <\/a>","_links":{"self":[{"href":"https:\/\/www.archos.com\/en\/wp-json\/wp\/v2\/pages\/59984","targetHints":{"allow":["GET"]}}],"collection":[{"href":"https:\/\/www.archos.com\/en\/wp-json\/wp\/v2\/pages"}],"about":[{"href":"https:\/\/www.archos.com\/en\/wp-json\/wp\/v2\/types\/page"}],"author":[{"embeddable":true,"href":"https:\/\/www.archos.com\/en\/wp-json\/wp\/v2\/users\/29"}],"replies":[{"embeddable":true,"href":"https:\/\/www.archos.com\/en\/wp-json\/wp\/v2\/comments?post=59984"}],"version-history":[{"count":0,"href":"https:\/\/www.archos.com\/en\/wp-json\/wp\/v2\/pages\/59984\/revisions"}],"wp:attachment":[{"href":"https:\/\/www.archos.com\/en\/wp-json\/wp\/v2\/media?parent=59984"}],"curies":[{"name":"wp","href":"https:\/\/api.w.org\/{rel}","templated":true}]}}